{"id":3080,"date":"2021-08-31T16:36:22","date_gmt":"2021-08-31T16:36:22","guid":{"rendered":"https:\/\/110.netricahosting.com\/nyxcollections\/?page_id=3080"},"modified":"2021-08-31T16:36:22","modified_gmt":"2021-08-31T16:36:22","slug":"aviso-legal","status":"publish","type":"page","link":"https:\/\/110.netricahosting.com\/nyxcollections\/aviso-legal\/","title":{"rendered":"Aviso Legal"},"content":{"rendered":"<p>[vc_row][vc_column][vc_column_text]<\/p>\n<h1 style=\"text-align: left;\">AVISO LEGAL<\/h1>\n<h2>Datos del Responsable<\/h2>\n<h3>Identidad del Responsable:<\/h3>\n<ul>\n<li>Nombre comercial: Nyxcollections<\/li>\n<li>NIF\/CIF:<\/li>\n<li>Direcci\u00f3n postal:<\/li>\n<li>Correo electr\u00f3nico:<\/li>\n<li>Inscrita en el Registro.<\/li>\n<\/ul>\n<p>En este espacio, el USUARIO, podr\u00e1 encontrar toda la informaci\u00f3n relativa a los t\u00e9rminos y condiciones legales que definen las relaciones entre los usuarios y nosotros como responsables de esta web. Como usuario, es importante que conozcas estos t\u00e9rminos antes de continuar tu navegaci\u00f3n.<\/p>\n<p>Como responsable de esta web, asume el compromiso de procesar la informaci\u00f3n de nuestros usuarios y clientes con plenas garant\u00edas y cumplir con los requisitos nacionales y europeos que regulan la recopilaci\u00f3n y uso de los datos personales de nuestros usuarios.<\/p>\n<p>Conforme con el RGPD (REGLAMENTO (UE) 2016\/679 de protecci\u00f3n de datos) y la LSSI-CE la Ley 34\/2002, de 11 de julio, de servicios de la sociedad de la informaci\u00f3n y de comercio electr\u00f3nico.<\/p>\n<h2>Condiciones generales de uso<\/h2>\n<p>Las presentes Condiciones Generales regulan el uso (incluyendo el simple acceso) de las p\u00e1ginas de la web, que conforman el sitio web de <strong>nyxcollections.com<\/strong> incluidos los contenidos y servicios expuestos en las mismas. Toda persona que acceda a la web, <strong>nyxcollections.com<\/strong> (\u201cUsuario\u201d) acepta someterse a las Condiciones Generales vigentes en cada momento del portal <strong>nyxcollections.com<\/strong>.<\/p>\n<h3>Datos personales que recabamos y c\u00f3mo lo hacemos<\/h3>\n<p>Ver: <a href=\"#\">Pol\u00edtica de Privacidad<\/a><\/p>\n<h2>Compromisos y obligaciones de los usuarios<\/h2>\n<p>El Usuario queda informado, y acepta, que el acceso a la presente web no supone, en modo alguno, el inicio de una relaci\u00f3n comercial con nyxcollections.com. El usuario debe comprometerse a utilizar el sitio Web, sus servicios y contenidos cumpliendo la legislaci\u00f3n vigente, la buena fe y el orden p\u00fablico.<\/p>\n<p>Queda prohibido el uso de la web, con fines il\u00edcitos o da\u00f1inos o que puedan causar cualquier tipo de problema o perjuicio o impedir el normal funcionamiento del sitio web.<\/p>\n<p>Respecto de los contenidos de esta web, se proh\u00edbe:<\/p>\n<ul>\n<li>Su reproducci\u00f3n, distribuci\u00f3n o modificaci\u00f3n, total o parcial, a menos que se cuente con la autorizaci\u00f3n de sus leg\u00edtimos titulares<\/li>\n<li>Cualquier vulneraci\u00f3n de los derechos del prestador o de los leg\u00edtimos titulares<\/li>\n<li>Su utilizaci\u00f3n para fines comerciales o publicitarios<\/li>\n<li>En la utilizaci\u00f3n de la web, nyxcollections.com, el Usuario se compromete a no llevar a cabo ninguna conducta que pudiera da\u00f1ar la imagen, los intereses y los derechos de nyxcollections.com o de terceros o que pudiera da\u00f1ar, inutilizar o sobrecargar nyxcollections.com o que impidiera, de cualquier forma, la normal utilizaci\u00f3n de la web<\/li>\n<\/ul>\n<p>No obstante, el Usuario debe ser consciente de que las medidas de seguridad de los sistemas inform\u00e1ticos en Internet no son enteramente fiables y que, por tanto nyxcollections.com no puede garantizar la inexistencia de virus u otros elementos que puedan producir alteraciones en los sistemas inform\u00e1ticos (software y hardware) del Usuario o en sus documentos electr\u00f3nicos y ficheros contenidos en los mismos.<\/p>\n<h2>Medidas de seguridad<\/h2>\n<p>Los datos personales comunicados por el usuario a nyxcollections.com pueden ser almacenados en bases de datos automatizadas o no, cuya titularidad corresponde en exclusiva a nyxcollections.com, asumiendo \u00e9sta todas las medidas de \u00edndole t\u00e9cnica, organizativa y de seguridad que garantizan la confidencialidad, integridad y calidad de la informaci\u00f3n contenida en las mismas de acuerdo con lo establecido en la normativa vigente en protecci\u00f3n de datos.<\/p>\n<p>La comunicaci\u00f3n entre los usuarios y nyxcollections.com utiliza un canal seguro, y los datos transmitidos son cifrados gracias a protocolos a https, por tanto, garantizamos las mejores condiciones de seguridad para que la confidencialidad de los usuarios est\u00e9 garantizada.<\/p>\n<h2>Reclamaciones<\/h2>\n<p>Nyxcollections informa que existen hojas de reclamaci\u00f3n a disposici\u00f3n de usuarios y clientes.<\/p>\n<p>El Usuario podr\u00e1 realizar reclamaciones solicitando su hoja de reclamaci\u00f3n o remitiendo un correo electr\u00f3nico a CORREO indicando su nombre y apellidos, el servicio y\/o producto adquirido y exponiendo los motivos de su reclamaci\u00f3n.<\/p>\n<p>El usuario\/comprador podr\u00e1 notificarnos la reclamaci\u00f3n, bien a trav\u00e9s de correo electr\u00f3nico a: CORREO o bien por correo postal dirigido a: (Nyxcollections), en la calle si lo desea, el siguiente formulario de reclamaci\u00f3n:<\/p>\n<ul>\n<li>A la atenci\u00f3n de: Nyxcollections<\/li>\n<li>E-mail:<\/li>\n<li>El servicio\/producto:<\/li>\n<li>Adquirido el d\u00eda:<\/li>\n<li>Nombre del usuario o empresa:<\/li>\n<li>Domicilio del usuario empresa:<\/li>\n<li>Firma y\/o sello (solo si se presenta en papel):<\/li>\n<li>Fecha:<\/li>\n<li>Motivo de la reclamaci\u00f3n:<\/li>\n<\/ul>\n<h3>Plataforma de resoluci\u00f3n de conflictos<\/h3>\n<p>La Comisi\u00f3n Europea, facilita una plataforma de resoluci\u00f3n de litigios, que se encuentra disponible en el siguiente enlace: <a href=\"http:\/\/ec.europa.eu\/consumers\/odr\/\" target=\"_blank\" rel=\"noopener\">http:\/\/ec.europa.eu\/consumers\/odr\/<\/a><\/p>\n<h2>Derechos de propiedad intelectual e industrial<\/h2>\n<p>En virtud de lo dispuesto en los art\u00edculos 8 y 32.1, p\u00e1rrafo segundo, de la Ley de Propiedad Intelectual, quedan expresamente prohibidas la reproducci\u00f3n, la distribuci\u00f3n y la comunicaci\u00f3n p\u00fablica, incluida su modalidad de puesta a disposici\u00f3n, de la totalidad o parte de los contenidos de esta p\u00e1gina web, con fines comerciales, en cualquier soporte y por cualquier medio t\u00e9cnico, sin la autorizaci\u00f3n de nyxcollections.com . El usuario se compromete a respetar los derechos de Propiedad Intelectual e Industrial titularidad de nyxcollections.com<\/p>\n<p>El usuario conoce y acepta que la totalidad del sitio web, conteniendo sin car\u00e1cter exhaustivo el texto, software, contenidos (incluyendo estructura, selecci\u00f3n, ordenaci\u00f3n y presentaci\u00f3n de los mismos) podcast, fotograf\u00edas, material audiovisual y gr\u00e1ficos, est\u00e1 protegida por marcas, derechos de autor y otros derechos leg\u00edtimos, de acuerdo con los tratados internacionales en los que Espa\u00f1a es parte y otros derechos de propiedad y leyes de Espa\u00f1a.<\/p>\n<p>En el caso de que un usuario o un tercero consideren que se ha producido una violaci\u00f3n de sus leg\u00edtimos derechos de propiedad intelectual por la introducci\u00f3n de un determinado contenido en la web, deber\u00e1 notificar dicha circunstancia a nyxcollections.com indicando:<\/p>\n<p>Datos personales del interesado titular de los derechos presuntamente infringidos, o indicar la representaci\u00f3n con la que act\u00faa en caso de que la reclamaci\u00f3n la presente un tercero distinto del interesado.<br \/>\nSe\u00f1alar los contenidos protegidos por los derechos de propiedad intelectual y su ubicaci\u00f3n en la web, la acreditaci\u00f3n de los derechos de propiedad intelectual se\u00f1alados y declaraci\u00f3n expresa en la que el interesado se responsabiliza de la veracidad de las informaciones facilitadas en la notificaci\u00f3n<\/p>\n<h2>Enlaces externos<\/h2>\n<p>Las p\u00e1ginas de la web nyxcollections.com, proporciona enlaces a otros sitios web propios y contenidos que son propiedad de terceros tales como:<\/p>\n<ul>\n<li>Contenidos de otros blogs<\/li>\n<li>Herramientas<\/li>\n<li>Recursos<\/li>\n<\/ul>\n<p>El \u00fanico objeto de los enlaces es proporcionar al Usuario la posibilidad de acceder a dichos enlaces.<\/p>\n<p>nyxcollections.com no se responsabiliza en ning\u00fan caso de los resultados que puedan derivarse al Usuario por acceso a dichos enlaces.<\/p>\n<p>Asimismo, el usuario encontrar\u00e1 dentro de este sitio, p\u00e1ginas, promociones, programas de afiliados que acceden a los h\u00e1bitos de navegaci\u00f3n de los usuarios para establecer perfiles. Esta informaci\u00f3n siempre es an\u00f3nima y no se identifica al usuario.<br \/>\nLa Informaci\u00f3n que se proporcione en estos Sitios patrocinado o enlaces de afiliados est\u00e1 sujeta a las pol\u00edticas de privacidad que se utilicen en dichos Sitios y no estar\u00e1 sujeta a esta pol\u00edtica de privacidad. Por lo que recomendamos ampliamente a los Usuarios a revisar detalladamente las pol\u00edticas de privacidad de los enlaces de afiliado.<\/p>\n<p>El Usuario que se proponga establecer cualquier dispositivo t\u00e9cnico de enlace desde su sitio web al portal nyxcollections.com deber\u00e1 obtener la autorizaci\u00f3n previa y escrita deEl establecimiento del enlace no implica en ning\u00fan caso la existencia de relaciones entre nyxcollections.com y el propietario del sitio en el que se establezca el enlace, ni la aceptaci\u00f3n o aprobaci\u00f3n por parte de nyxcollections.com de sus contenidos o servicios<\/p>\n<h2>Pol\u00edtica de comentarios<\/h2>\n<p>En nuestra web se permiten realizar comentarios para enriquecer los contenidos y realizar consultas.<br \/>\nNo se admitir\u00e1n comentarios que no est\u00e9n relacionados con la tem\u00e1tica de esta web, que incluyan difamaciones, agravios, insultos, ataques personales o faltas de respeto en general hacia el autor o hacia otros miembros.<\/p>\n<p>Tambi\u00e9n ser\u00e1n suprimidos los comentarios que contengan informaci\u00f3n que sea obviamente enga\u00f1osa o falsa, as\u00ed como los comentarios que contengan informaci\u00f3n personal, como, por ejemplo, domicilios privado o tel\u00e9fonos y que vulneren nuestra pol\u00edtica de protecci\u00f3n de datos.<\/p>\n<p>Se desestimar\u00e1, igualmente, aquellos comentarios creados s\u00f3lo con fines promocionales de una web, persona o colectivo y todo lo que pueda ser considerado spam en general.<\/p>\n<p>No se permiten comentarios an\u00f3nimos, as\u00ed como aquellos realizados por una misma persona con distintos apodos. No se considerar\u00e1n tampoco aquellos comentarios que intenten forzar un debate o una toma de postura por otro usuario.<\/p>\n<h2>Exclusi\u00f3n de garant\u00edas y responsabilidades<\/h2>\n<p>El Prestador no otorga ninguna garant\u00eda ni se hace responsable, en ning\u00fan caso, de los da\u00f1os y perjuicios de cualquier naturaleza que pudieran traer causa de:<\/p>\n<ul>\n<li>La falta de disponibilidad, mantenimiento y efectivo funcionamiento de la web, o de sus servicios y contenidos;<\/li>\n<li>La existencia de virus, programas maliciosos o lesivos en los contenidos;<\/li>\n<li>El uso il\u00edcito, negligente, fraudulento o contrario a este Aviso Legal;<\/li>\n<li>La falta de licitud, calidad, fiabilidad, utilidad y disponibilidad de los servicios prestados por terceros y puestos a disposici\u00f3n de los usuarios en el sitio web.<\/li>\n<li>El prestador no se hace responsable bajo ning\u00fan concepto de los da\u00f1os que pudieran dimanar del uso ilegal o indebido de la presente p\u00e1gina web.<\/li>\n<li>Ley aplicable y jurisdicci\u00f3n<\/li>\n<li>Con car\u00e1cter general las relaciones entre nyxcollections.com con los Usuarios de sus servicios telem\u00e1ticos, presentes en esta web se encuentran sometidas a la legislaci\u00f3n y jurisdicci\u00f3n espa\u00f1olas y a los tribunales de Madrid.<\/li>\n<\/ul>\n<h2>Contacto<\/h2>\n<p>En caso de que cualquier Usuario tuviese alguna duda acerca de estas Condiciones legales o cualquier comentario sobre el portal nyxcollections.com, por favor dir\u00edjase a CORREO<\/p>\n<p>El aviso legal ha sido actualizado por \u00faltima vez el 24 de mayo del 2018<\/p>\n<p>De parte del equipo que formamos nyxcollections.com te agradecemos el tiempo dedicado en leer este Aviso Legal.<\/p>\n<p>[\/vc_column_text][\/vc_column][\/vc_row]<\/p>\n","protected":false},"excerpt":{"rendered":"<p>[vc_row][vc_column][vc_column_text] AVISO LEGAL Datos del Responsable Identidad del Responsable: Nombre comercial: Nyxcollections NIF\/CIF: Direcci\u00f3n postal: Correo electr\u00f3nico: Inscrita en el Registro. En este espacio, el USUARIO, podr\u00e1 encontrar toda la informaci\u00f3n relativa a los t\u00e9rminos y condiciones legales que definen las relaciones entre los usuarios y nosotros como responsables de esta web. Como usuario, es [&hellip;]<\/p>\n","protected":false},"author":1,"featured_media":0,"parent":0,"menu_order":0,"comment_status":"closed","ping_status":"closed","template":"","meta":[],"yoast_head":"<!-- This site is optimized with the Yoast SEO plugin v16.5 - https:\/\/yoast.com\/wordpress\/plugins\/seo\/ -->\n<title>Aviso Legal - nyxcollections<\/title>\n<meta name=\"robots\" content=\"noindex, follow\" \/>\n<meta property=\"og:locale\" content=\"es_ES\" \/>\n<meta property=\"og:type\" content=\"article\" \/>\n<meta property=\"og:title\" content=\"Aviso Legal - nyxcollections\" \/>\n<meta property=\"og:description\" content=\"[vc_row][vc_column][vc_column_text] AVISO LEGAL Datos del Responsable Identidad del Responsable: Nombre comercial: Nyxcollections NIF\/CIF: Direcci\u00f3n postal: Correo electr\u00f3nico: Inscrita en el Registro. En este espacio, el USUARIO, podr\u00e1 encontrar toda la informaci\u00f3n relativa a los t\u00e9rminos y condiciones legales que definen las relaciones entre los usuarios y nosotros como responsables de esta web. Como usuario, es [&hellip;]\" \/>\n<meta property=\"og:url\" content=\"https:\/\/110.netricahosting.com\/nyxcollections\/aviso-legal\/\" \/>\n<meta property=\"og:site_name\" content=\"nyxcollections\" \/>\n<meta name=\"twitter:card\" content=\"summary_large_image\" \/>\n<meta name=\"twitter:label1\" content=\"Tiempo de lectura\" \/>\n\t<meta name=\"twitter:data1\" content=\"7 minutos\" \/>\n<script type=\"application\/ld+json\" class=\"yoast-schema-graph\">{\"@context\":\"https:\/\/schema.org\",\"@graph\":[{\"@type\":\"WebSite\",\"@id\":\"https:\/\/110.netricahosting.com\/nyxcollections\/#website\",\"url\":\"https:\/\/110.netricahosting.com\/nyxcollections\/\",\"name\":\"nyxcollections\",\"description\":\"Tienda de comics y novelas gr\\u00e1ficas\",\"potentialAction\":[{\"@type\":\"SearchAction\",\"target\":\"https:\/\/110.netricahosting.com\/nyxcollections\/?s={search_term_string}\",\"query-input\":\"required name=search_term_string\"}],\"inLanguage\":\"es\"},{\"@type\":\"WebPage\",\"@id\":\"https:\/\/110.netricahosting.com\/nyxcollections\/aviso-legal\/#webpage\",\"url\":\"https:\/\/110.netricahosting.com\/nyxcollections\/aviso-legal\/\",\"name\":\"Aviso Legal - nyxcollections\",\"isPartOf\":{\"@id\":\"https:\/\/110.netricahosting.com\/nyxcollections\/#website\"},\"datePublished\":\"2021-08-31T16:36:22+00:00\",\"dateModified\":\"2021-08-31T16:36:22+00:00\",\"breadcrumb\":{\"@id\":\"https:\/\/110.netricahosting.com\/nyxcollections\/aviso-legal\/#breadcrumb\"},\"inLanguage\":\"es\",\"potentialAction\":[{\"@type\":\"ReadAction\",\"target\":[\"https:\/\/110.netricahosting.com\/nyxcollections\/aviso-legal\/\"]}]},{\"@type\":\"BreadcrumbList\",\"@id\":\"https:\/\/110.netricahosting.com\/nyxcollections\/aviso-legal\/#breadcrumb\",\"itemListElement\":[{\"@type\":\"ListItem\",\"position\":1,\"name\":\"Nyxcollections\",\"item\":\"https:\/\/110.netricahosting.com\/nyxcollections\/\"},{\"@type\":\"ListItem\",\"position\":2,\"name\":\"Aviso Legal\"}]}]}<\/script>\n<!-- \/ Yoast SEO plugin. -->","_links":{"self":[{"href":"https:\/\/110.netricahosting.com\/nyxcollections\/wp-json\/wp\/v2\/pages\/3080"}],"collection":[{"href":"https:\/\/110.netricahosting.com\/nyxcollections\/wp-json\/wp\/v2\/pages"}],"about":[{"href":"https:\/\/110.netricahosting.com\/nyxcollections\/wp-json\/wp\/v2\/types\/page"}],"author":[{"embeddable":true,"href":"https:\/\/110.netricahosting.com\/nyxcollections\/wp-json\/wp\/v2\/users\/1"}],"replies":[{"embeddable":true,"href":"https:\/\/110.netricahosting.com\/nyxcollections\/wp-json\/wp\/v2\/comments?post=3080"}],"version-history":[{"count":5,"href":"https:\/\/110.netricahosting.com\/nyxcollections\/wp-json\/wp\/v2\/pages\/3080\/revisions"}],"predecessor-version":[{"id":3085,"href":"https:\/\/110.netricahosting.com\/nyxcollections\/wp-json\/wp\/v2\/pages\/3080\/revisions\/3085"}],"wp:attachment":[{"href":"https:\/\/110.netricahosting.com\/nyxcollections\/wp-json\/wp\/v2\/media?parent=3080"}],"curies":[{"name":"wp","href":"https:\/\/api.w.org\/{rel}","templated":true}]}}