{"id":3089,"date":"2021-08-31T17:19:31","date_gmt":"2021-08-31T17:19:31","guid":{"rendered":"https:\/\/110.netricahosting.com\/nyxcollections\/?page_id=3089"},"modified":"2021-08-31T17:19:31","modified_gmt":"2021-08-31T17:19:31","slug":"politica-de-cookies","status":"publish","type":"page","link":"https:\/\/110.netricahosting.com\/nyxcollections\/politica-de-cookies\/","title":{"rendered":"Pol\u00edtica de cookies"},"content":{"rendered":"<p>[vc_row][vc_column][vc_column_text]En esta web recopilamos y utilizamos la informaci\u00f3n seg\u00fan indicamos en nuestra pol\u00edtica de privacidad. Una de las formas en las que recopilamos informaci\u00f3n es a trav\u00e9s del uso de la tecnolog\u00eda llamada \u201ccookies\u201d. En YoSEO Marketing, utilizamos cookies para varias cosas.<\/p>\n<h2>\u00bfQu\u00e9 es una cookie?<\/h2>\n<p>Una \u201ccookie\u201d es una peque\u00f1a cantidad de texto que se almacena en tu navegador cuando navegas por la mayor\u00eda de los sitios web. Y que sirve para almacenar y recuperar informaci\u00f3n de tus h\u00e1bitos de navegaci\u00f3n o tu equipo, y puede utilizarse para reconocerte.<\/p>\n<h3>\u00bfQu\u00e9 NO es una cookie?<\/h3>\n<p>No es un virus, ni un troyano, ni un gusano, ni spam, ni spyware, ni abre ventanas pop-up.<\/p>\n<h3>\u00bfQu\u00e9 informaci\u00f3n almacena una cookie?<\/h3>\n<p>Las cookies no suelen almacenar informaci\u00f3n sensible sobre ti, como tarjetas de cr\u00e9dito o datos bancarios, fotograf\u00edas o informaci\u00f3n personal, etc. Los datos que guardan son de car\u00e1cter t\u00e9cnico, estad\u00edsticos, preferencias personales, personalizaci\u00f3n de contenidos, etc.<\/p>\n<p>El servidor web no te asocia a ti como persona sino a tu navegador web. De hecho, si navegas habitualmente con el navegador Chrome y pruebas a navegar por la misma web con el navegador Firefox, ver\u00e1s que la web no se da cuenta que eres t\u00fa la misma persona porque en realidad est\u00e1 asociando la informaci\u00f3n al navegador, no a la persona.<\/p>\n<h2>\u00bfQu\u00e9 tipo de cookies existen?<\/h2>\n<ul>\n<li><strong>Cookies t\u00e9cnicas:<\/strong> Son las m\u00e1s elementales y permiten, entre otras cosas, saber cu\u00e1ndo est\u00e1 navegando un humano o una aplicaci\u00f3n automatizada, cu\u00e1ndo navega un usuario an\u00f3nimo y uno registrado, tareas b\u00e1sicas para el funcionamiento de cualquier web din\u00e1mica.<\/li>\n<li><strong>Cookies de an\u00e1lisis:<\/strong> Recogen informaci\u00f3n sobre el tipo de navegaci\u00f3n que est\u00e9s realizando, las secciones que m\u00e1s utiliza, productos consultados, franja horaria de uso, idioma, etc.<\/li>\n<li><strong>Cookies publicitarias:<\/strong> Muestran publicidad en funci\u00f3n de tu navegaci\u00f3n, tu pa\u00eds de procedencia, idioma, etc.<\/li>\n<\/ul>\n<h3>\u00bfQu\u00e9 son las cookies propias y las de terceros?<\/h3>\n<p>Las cookies propias son las generadas por la p\u00e1gina que est\u00e1s visitando y las de terceros son las generadas por servicios o proveedores externos como Mailchimp, Acumbamail, Facebook, Twitter, Google adsense, etc.<\/p>\n<h2>\u00bfQu\u00e9 cookies utiliza esta web?<\/h2>\n<p>Esta web utiliza cookies propias y de terceros. En este sitio web se utilizan las siguientes cookies que se detallan a continuaci\u00f3n:<\/p>\n<h3>Cookies propias<\/h3>\n<ul>\n<li><strong>Inicio de sesi\u00f3n:<\/strong> Las cookies para iniciar sesi\u00f3n te permiten entrar y salir de tu cuenta de YoSEO Marketing.<\/li>\n<li><strong>Personalizaci\u00f3n:<\/strong> estas cookies nos ayudan a recordar con qu\u00e9 personas o sitios web has interactuado, para que podamos mostrarte contenido relacionado.<\/li>\n<li><strong>Preferencias:<\/strong> estas cookies nos permite recordar tus ajustes y preferencias, como el idioma preferido y tu configuraci\u00f3n de privacidad.<\/li>\n<li><strong>Seguridad:<\/strong> Utilizamos cookies para evitarte riesgos de seguridad. Principalmente para detectar cu\u00e1ndo alguien est\u00e1 intentando acceder il\u00edcitamente a YoSEO Marketing.<\/li>\n<\/ul>\n<h3>Cookies de terceros<\/h3>\n<p>Debido a la naturaleza de nuestros servicios, tienes que tener en cuenta que probamos funcionalidades y recursos de terceros (herramientas SEO, plugins, programas de an\u00e1lisis, etc) para analizarlos y poder usarlos posteriormente en nuestros servicios, y esto pude ocasionalmente modificar nuestra configuraci\u00f3n de cookies y la aparici\u00f3n de cookies que en esta pol\u00edtica no se detallan.<\/p>\n<p>Es importante que comprendas que estas cookies son ocasionales y que no siempre se puede informar de ellas. Y sobre todo que s\u00f3lo tienen una finalidad de valoraci\u00f3n y estudio.<\/p>\n<p>Dentro de las cookies habituales que esta web utiliza son:<\/p>\n<ol>\n<li>Servicios de an\u00e1lisis, concretamente, Google Analytics para ayudar al website a analizar el uso que hacen los usuarios del sitio web y mejorar la usabilidad del mismo, pero en ning\u00fan caso se asocian a datos que pudieran llegar a identificar al usuario. Google Analytics, es un servicio anal\u00edtico de web prestado por Google, Inc., una compa\u00f1\u00eda de Delaware cuya oficina principal est\u00e1 en el 1600 Amphitheatre Parkway, Mountain View (California), CA 94043, Estados Unidos (\u201cGoogle\u201d). Puedes consultar aqu\u00ed el tipo de cookies utilizadas por Google incluyendo Google+ y Google Maps.<br \/>\nTambi\u00e9n utilizamos otras herramientas de an\u00e1lisis como SEMrush.com, Searchmetrics.com, WooRank.com, SEO Chat Tools, Google Trends, xml-sitemaps.com, etc., para analizar el uso que hacen los usuarios de nuestra web y mejorar su usabilidad, pero en ning\u00fan caso se asocian a datos que pudieran llegar a identificar al usuario.<\/li>\n<li>Las plataformas de afiliados, hacen un seguimiento de las ventas realizadas de nuestra web mediante la instalaci\u00f3n de cookies.<br \/>\nEs decir, si terminas contratando un servicio de hosting del que somos afiliados o alguna otra herramienta o servicio, estas cookies le informa al proveedor que lo has hecho usando nuestro enlace de afiliado.<\/li>\n<li>Las cookies de redes sociales pueden almacenarse en su navegador mientras navegas por nyxcollections.com por ejemplo, cuando utilizas el bot\u00f3n de compartir contenidos de nyxcollections.com en alguna red social.<\/li>\n<\/ol>\n<p>A continuaci\u00f3n tienes informaci\u00f3n sobre las cookies de las redes sociales que utiliza esta web en sus propias pol\u00edticas de cookies:<\/p>\n<ul>\n<li>Cookies de Facebook, ver m\u00e1s informaci\u00f3n en su pol\u00edtica de cookies<\/li>\n<li>Cookies de Twitter, ver m\u00e1s informaci\u00f3n en su pol\u00edtica de cookies<\/li>\n<li>Cookies de Google+, ver m\u00e1s informaci\u00f3n en su pol\u00edtica de cookies<\/li>\n<li>Cookies de Linkedin, ver m\u00e1s informaci\u00f3n en su pol\u00edtica de cookies<\/li>\n<li>Cookies de Youtube, ver m\u00e1s informaci\u00f3n en su pol\u00edtica de cookies<\/li>\n<li>Cookies de Pinterest, ver m\u00e1s informaci\u00f3n en su Pol\u00edtica de privacidad y uso de cookies<\/li>\n<li>Cookiesde Instagram, ver m\u00e1s informaci\u00f3n en su Pol\u00edtica de cookies<\/li>\n<li>Cookiesde Skype, ver m\u00e1s informaci\u00f3n en su Pol\u00edtica de cookies<\/li>\n<\/ul>\n<p>Llevamos a cabo acciones de remarketing mediante Google AdWords, que utiliza las cookies para ayudarnos a ofrecer anuncios en l\u00ednea espec\u00edfico basado en visitas anteriores a nuestro sitio web. Google utiliza esta informaci\u00f3n para mostrar anuncios en varios sitios web de terceros a trav\u00e9s de Internet. Estas cookies est\u00e1n a punto de expirar y no contienen informaci\u00f3n que pueda identificarle personalmente. Por favor dir\u00edgete a la publicidad de Google Aviso de privacidad para obtener m\u00e1s informaci\u00f3n.<\/p>\n<p>Llevamos a cabo acciones de remarketing mediante Facebook ads, que utiliza las cookies para ayudarnos a ofrecer anuncios en l\u00ednea espec\u00edfico basado en visitas anteriores a nuestro sitio web.<\/p>\n<h2>\u00bfSe pueden eliminar las cookies?<\/h2>\n<p>S\u00ed, y no s\u00f3lo eliminar, tambi\u00e9n bloquear, de forma general o particular para un dominio espec\u00edfico.<br \/>\nPara eliminar las cookies de un sitio web debes ir a la configuraci\u00f3n de tu navegador y all\u00ed podr\u00e1s buscar las asociadas al dominio en cuesti\u00f3n y proceder a su eliminaci\u00f3n.<\/p>\n<ul>\n<li>Configuraci\u00f3n de cookies para Google Chrome<\/li>\n<li>Configuraci\u00f3n de cookies para Apple Safari<\/li>\n<li>Configuraci\u00f3n de cookies para Internet Explorer<\/li>\n<li>Configuraci\u00f3n de cookies para Mozilla Firefox<\/li>\n<\/ul>\n<h3>M\u00e1s informaci\u00f3n sobre las cookies<\/h3>\n<p>Puedes consultar el reglamento sobre cookies publicado por la Agencia Espa\u00f1ola de Protecci\u00f3n de Datos en su \u201cGu\u00eda sobre el uso de las cookies\u201d y obtener m\u00e1s informaci\u00f3n sobre las cookies en internet, <a href=\"http:\/\/www.aboutcookies.org\/\" target=\"_blank\" rel=\"noopener\">http:\/\/www.aboutcookies.org\/<\/a><\/p>\n<p>Si deseas tener un mayor control sobre la instalaci\u00f3n de cookies, puedes instalar programas o complementos a tu navegador, conocidos como herramientas de \u201cDo Not Track\u201d, que te permitir\u00e1n escoger aquellas cookies que desea permitir.[\/vc_column_text][\/vc_column][\/vc_row]<\/p>\n","protected":false},"excerpt":{"rendered":"<p>[vc_row][vc_column][vc_column_text]En esta web recopilamos y utilizamos la informaci\u00f3n seg\u00fan indicamos en nuestra pol\u00edtica de privacidad. Una de las formas en las que recopilamos informaci\u00f3n es a trav\u00e9s del uso de la tecnolog\u00eda llamada \u201ccookies\u201d. En YoSEO Marketing, utilizamos cookies para varias cosas. \u00bfQu\u00e9 es una cookie? Una \u201ccookie\u201d es una peque\u00f1a cantidad de texto que [&hellip;]<\/p>\n","protected":false},"author":1,"featured_media":0,"parent":0,"menu_order":0,"comment_status":"closed","ping_status":"closed","template":"","meta":[],"yoast_head":"<!-- This site is optimized with the Yoast SEO plugin v16.5 - https:\/\/yoast.com\/wordpress\/plugins\/seo\/ -->\n<title>Pol\u00edtica de cookies - nyxcollections<\/title>\n<meta name=\"robots\" content=\"noindex, follow\" \/>\n<meta property=\"og:locale\" content=\"es_ES\" \/>\n<meta property=\"og:type\" content=\"article\" \/>\n<meta property=\"og:title\" content=\"Pol\u00edtica de cookies - nyxcollections\" \/>\n<meta property=\"og:description\" content=\"[vc_row][vc_column][vc_column_text]En esta web recopilamos y utilizamos la informaci\u00f3n seg\u00fan indicamos en nuestra pol\u00edtica de privacidad. Una de las formas en las que recopilamos informaci\u00f3n es a trav\u00e9s del uso de la tecnolog\u00eda llamada \u201ccookies\u201d. En YoSEO Marketing, utilizamos cookies para varias cosas. \u00bfQu\u00e9 es una cookie? Una \u201ccookie\u201d es una peque\u00f1a cantidad de texto que [&hellip;]\" \/>\n<meta property=\"og:url\" content=\"https:\/\/110.netricahosting.com\/nyxcollections\/politica-de-cookies\/\" \/>\n<meta property=\"og:site_name\" content=\"nyxcollections\" \/>\n<meta name=\"twitter:card\" content=\"summary_large_image\" \/>\n<meta name=\"twitter:label1\" content=\"Tiempo de lectura\" \/>\n\t<meta name=\"twitter:data1\" content=\"5 minutos\" \/>\n<script type=\"application\/ld+json\" class=\"yoast-schema-graph\">{\"@context\":\"https:\/\/schema.org\",\"@graph\":[{\"@type\":\"WebSite\",\"@id\":\"https:\/\/110.netricahosting.com\/nyxcollections\/#website\",\"url\":\"https:\/\/110.netricahosting.com\/nyxcollections\/\",\"name\":\"nyxcollections\",\"description\":\"Tienda de comics y novelas gr\\u00e1ficas\",\"potentialAction\":[{\"@type\":\"SearchAction\",\"target\":\"https:\/\/110.netricahosting.com\/nyxcollections\/?s={search_term_string}\",\"query-input\":\"required name=search_term_string\"}],\"inLanguage\":\"es\"},{\"@type\":\"WebPage\",\"@id\":\"https:\/\/110.netricahosting.com\/nyxcollections\/politica-de-cookies\/#webpage\",\"url\":\"https:\/\/110.netricahosting.com\/nyxcollections\/politica-de-cookies\/\",\"name\":\"Pol\\u00edtica de cookies - nyxcollections\",\"isPartOf\":{\"@id\":\"https:\/\/110.netricahosting.com\/nyxcollections\/#website\"},\"datePublished\":\"2021-08-31T17:19:31+00:00\",\"dateModified\":\"2021-08-31T17:19:31+00:00\",\"breadcrumb\":{\"@id\":\"https:\/\/110.netricahosting.com\/nyxcollections\/politica-de-cookies\/#breadcrumb\"},\"inLanguage\":\"es\",\"potentialAction\":[{\"@type\":\"ReadAction\",\"target\":[\"https:\/\/110.netricahosting.com\/nyxcollections\/politica-de-cookies\/\"]}]},{\"@type\":\"BreadcrumbList\",\"@id\":\"https:\/\/110.netricahosting.com\/nyxcollections\/politica-de-cookies\/#breadcrumb\",\"itemListElement\":[{\"@type\":\"ListItem\",\"position\":1,\"name\":\"Nyxcollections\",\"item\":\"https:\/\/110.netricahosting.com\/nyxcollections\/\"},{\"@type\":\"ListItem\",\"position\":2,\"name\":\"Pol\\u00edtica de cookies\"}]}]}<\/script>\n<!-- \/ Yoast SEO plugin. -->","_links":{"self":[{"href":"https:\/\/110.netricahosting.com\/nyxcollections\/wp-json\/wp\/v2\/pages\/3089"}],"collection":[{"href":"https:\/\/110.netricahosting.com\/nyxcollections\/wp-json\/wp\/v2\/pages"}],"about":[{"href":"https:\/\/110.netricahosting.com\/nyxcollections\/wp-json\/wp\/v2\/types\/page"}],"author":[{"embeddable":true,"href":"https:\/\/110.netricahosting.com\/nyxcollections\/wp-json\/wp\/v2\/users\/1"}],"replies":[{"embeddable":true,"href":"https:\/\/110.netricahosting.com\/nyxcollections\/wp-json\/wp\/v2\/comments?post=3089"}],"version-history":[{"count":1,"href":"https:\/\/110.netricahosting.com\/nyxcollections\/wp-json\/wp\/v2\/pages\/3089\/revisions"}],"predecessor-version":[{"id":3090,"href":"https:\/\/110.netricahosting.com\/nyxcollections\/wp-json\/wp\/v2\/pages\/3089\/revisions\/3090"}],"wp:attachment":[{"href":"https:\/\/110.netricahosting.com\/nyxcollections\/wp-json\/wp\/v2\/media?parent=3089"}],"curies":[{"name":"wp","href":"https:\/\/api.w.org\/{rel}","templated":true}]}}